{"id":202,"date":"2025-09-27T00:33:56","date_gmt":"2025-09-27T03:33:56","guid":{"rendered":"https:\/\/norquim.cl\/?page_id=202"},"modified":"2025-12-29T19:41:54","modified_gmt":"2025-12-29T22:41:54","slug":"programas-territoriales","status":"publish","type":"page","link":"https:\/\/norquim.cl\/en\/programas-territoriales\/","title":{"rendered":"Territorial Programs"},"content":{"rendered":"<div class=\"wp-block-group aos-slide-up is-layout-constrained wp-container-core-group-is-layout-d7e79fe6 wp-block-group-is-layout-constrained\" style=\"margin-top:60px;margin-bottom:120px;padding-top:0px;padding-right:var(--wp--preset--spacing--40);padding-bottom:0px;padding-left:var(--wp--preset--spacing--40)\">\n<h2 class=\"wp-block-heading has-gray-200-color has-text-color has-link-color has-xl-font-size wp-elements-097f01f20200cf317500b9fe770d57e2\" style=\"margin-bottom:32px;font-style:normal;font-weight:700;text-transform:uppercase\">Programa de Educaci\u00f3n y Capacitaci\u00f3n para J\u00f3venes de Mejillones (PEC)<\/h2>\n\n\n\n\n\n<div class=\"wp-block-group is-content-justification-right is-layout-constrained wp-container-core-group-is-layout-e550f738 wp-block-group-is-layout-constrained\" style=\"margin-top:40px\">\n<hr class=\"wp-block-separator has-text-color has-primary-color has-alpha-channel-opacity has-primary-background-color has-background nq-separator is-style-default\" style=\"margin-bottom:var(--wp--preset--spacing--50)\"\/>\n\n\n\n<p class=\"has-text-align-right\">El PEC nace con el prop\u00f3sito de contribuir con m\u00e1s herramientas para que las y los j\u00f3venes de Mejillones puedan proyectar su desarrollo profesional, fortaleciendo las competencias que demandar\u00e1n las nuevas industrias verdes, dentro de su propio territorio.<\/p>\n<\/div>\n<\/div>\n\n\n\n<div class=\"wp-block-group is-layout-constrained wp-container-core-group-is-layout-4ece83b4 wp-block-group-is-layout-constrained\" style=\"margin-bottom:120px;padding-right:var(--wp--preset--spacing--40);padding-left:var(--wp--preset--spacing--40)\">\n<div class=\"wp-block-group is-layout-constrained wp-container-core-group-is-layout-cc6382dc wp-block-group-is-layout-constrained\" style=\"margin-bottom:80px;padding-right:0;padding-left:0\">\n<h3 class=\"wp-block-heading has-gray-200-color has-text-color has-link-color has-roboto-font-family has-xl-font-size wp-elements-c78ea797b04c989631e20bb055480a14\" style=\"font-style:normal;font-weight:700;text-transform:uppercase\">Estructura del PEC<\/h3>\n\n\n\n<p class=\"has-gray-200-color has-text-color has-link-color has-s-font-size wp-elements-c772527cccfb6e439790c2427102e16a\">El PEC se estructura en dos pilares:<\/p>\n<\/div>\n\n\n\n<div class=\"wp-block-columns is-layout-flex wp-container-core-columns-is-layout-df2ab5a1 wp-block-columns-is-layout-flex\" style=\"padding-right:0;padding-left:0\">\n<div class=\"wp-block-column is-vertically-aligned-bottom aos-fade-up aos-delay-100 is-layout-constrained wp-block-column-is-layout-constrained\">\n<figure class=\"wp-block-image size-full has-custom-border\"><img loading=\"lazy\" decoding=\"async\" width=\"655\" height=\"516\" src=\"https:\/\/norquim.cl\/wp-content\/uploads\/2025\/09\/charlas.png\" alt=\"\" class=\"wp-image-328\" style=\"border-style:none;border-width:0px;object-fit:contain\" srcset=\"https:\/\/norquim.cl\/wp-content\/uploads\/2025\/09\/charlas.png 655w, https:\/\/norquim.cl\/wp-content\/uploads\/2025\/09\/charlas-300x236.png 300w\" sizes=\"auto, (max-width: 655px) 100vw, 655px\" \/><\/figure>\n\n\n\n<div class=\"wp-block-group has-white-color has-text-color has-background has-link-color wp-elements-73121b9b6baa84cab48a4165381cb4b3 is-layout-constrained wp-container-core-group-is-layout-db32e940 wp-block-group-is-layout-constrained\" style=\"background-color:#268988;padding-top:var(--wp--preset--spacing--60);padding-right:var(--wp--preset--spacing--60);padding-bottom:var(--wp--preset--spacing--60);padding-left:var(--wp--preset--spacing--60)\">\n<p class=\"has-roboto-font-family has-s-font-size\" style=\"margin-bottom:16px;font-style:normal;font-weight:700;text-transform:uppercase\">Charlas vocacionales<\/p>\n\n\n\n<p class=\"has-gray-200-color has-text-color has-link-color wp-elements-c08e8d02ccdce67c9f3a9c52c3dc2b98\">Programa de charlas vocacionales con el Liceo Juan Jos\u00e9 Latorre Benavente, para estimular y orientar a los estudiantes hacia los \u00e1mbitos del saber que requerir\u00e1 el proyecto NorQuim y otros similares que se pueden desarrollar en Mejillones.\u200b<\/p>\n<\/div>\n<\/div>\n\n\n\n<div class=\"wp-block-column is-vertically-aligned-bottom aos-fade-up aos-delay-300 is-layout-constrained wp-block-column-is-layout-constrained\">\n<figure class=\"wp-block-image size-full has-custom-border\"><img loading=\"lazy\" decoding=\"async\" width=\"655\" height=\"517\" src=\"https:\/\/norquim.cl\/wp-content\/uploads\/2025\/09\/educacion.png\" alt=\"\" class=\"wp-image-329\" style=\"border-style:none;border-width:0px;object-fit:contain\" srcset=\"https:\/\/norquim.cl\/wp-content\/uploads\/2025\/09\/educacion.png 655w, https:\/\/norquim.cl\/wp-content\/uploads\/2025\/09\/educacion-300x237.png 300w\" sizes=\"auto, (max-width: 655px) 100vw, 655px\" \/><\/figure>\n\n\n\n<div class=\"wp-block-group has-white-color has-text-color has-background has-link-color wp-elements-8f5505fc2c69f9b28f8b77971822b7f8 is-layout-constrained wp-container-core-group-is-layout-db32e940 wp-block-group-is-layout-constrained\" style=\"background-color:#389783;padding-top:var(--wp--preset--spacing--60);padding-right:var(--wp--preset--spacing--60);padding-bottom:var(--wp--preset--spacing--60);padding-left:var(--wp--preset--spacing--60)\">\n<p class=\"has-roboto-font-family has-s-font-size\" style=\"margin-bottom:16px;font-style:normal;font-weight:700;text-transform:uppercase\">Educaci\u00f3n t\u00e9cnico\u2013profesional<\/p>\n\n\n\n<p class=\"has-gray-200-color has-text-color has-link-color wp-elements-0969b0f4a40161f1620fdb55a6590c5d\">Avanzar en la incorporaci\u00f3n de especialidades vinculadas a las nuevas industrias en instituciones de educaci\u00f3n superior de la regi\u00f3n, junto con mecanismos que faciliten el acceso de estudiantes de Mejillones.&nbsp;<\/p>\n<\/div>\n<\/div>\n<\/div>\n<\/div>\n\n\n\n<div class=\"wp-block-group aos-fade-up nq-news-related is-layout-constrained wp-container-core-group-is-layout-ffd3354e wp-block-group-is-layout-constrained\" style=\"padding-top:0;padding-right:var(--wp--preset--spacing--40);padding-bottom:0;padding-left:var(--wp--preset--spacing--40)\">\n<h3 class=\"wp-block-heading has-gray-200-color has-text-color has-link-color has-roboto-font-family has-xl-font-size wp-elements-a89e38354dda36c7df1ce6a035938e34\" style=\"font-style:normal;font-weight:700;text-transform:uppercase\">NOTICIAS RECIENTES PEC<\/h3>\n\n\n\n  <div class=\"nq-carousel-wrap nq-news\" id=\"pc-69d0559d5ae40\">\n    \n    <div class=\"swiper nq-swiper\"\n        data-slides=\"1.2\"\n        data-slides-md=\"2\"\n        data-slides-lg=\"2\"\n        data-space=\"24\">\n      <div class=\"swiper-wrapper\">\n                  <div class=\"swiper-slide nq-card\">\n            <div class=\"nq-card__media\">\n              <a class=\"nq-card__link\" href=\"https:\/\/norquim.cl\/en\/noticias\/nueva-charla-vocacional-pec-reune-a-mas-de-180-a-180-estudiantes-del-liceo-de-mejillones\/\"><img decoding=\"async\" width=\"640\" height=\"350\" src=\"https:\/\/norquim.cl\/wp-content\/uploads\/2025\/12\/IMG_1030-640x350.jpg\" class=\"nq-img wp-post-image\" alt=\"\" loading=\"lazy\" \/><\/a>            <\/div>\n\n            <div class=\"nq-card__meta\">\n              <div class=\"nq-card__top\">\n                              <\/div>\n\n              <div class=\"nq-card__text\">\n                <div class=\"nq-name\"><a class=\"nq-card__link\" href=\"https:\/\/norquim.cl\/en\/noticias\/nueva-charla-vocacional-pec-reune-a-mas-de-180-a-180-estudiantes-del-liceo-de-mejillones\/\">Nueva charla del PEC re\u00fane a m\u00e1s de 180 estudiantes del liceo de Mejillones<\/a><\/div>\n                              <\/div>\n            <\/div>\n          <\/div>\n                  <div class=\"swiper-slide nq-card\">\n            <div class=\"nq-card__media\">\n              <a class=\"nq-card__link\" href=\"https:\/\/norquim.cl\/en\/noticias\/seremi-de-antofagasta-encabeza-primera-charla-vocacional-del-pec\/\"><img decoding=\"async\" width=\"640\" height=\"350\" src=\"https:\/\/norquim.cl\/wp-content\/uploads\/2025\/12\/IMG_3614-640x350.jpg\" class=\"nq-img wp-post-image\" alt=\"\" loading=\"lazy\" \/><\/a>            <\/div>\n\n            <div class=\"nq-card__meta\">\n              <div class=\"nq-card__top\">\n                              <\/div>\n\n              <div class=\"nq-card__text\">\n                <div class=\"nq-name\"><a class=\"nq-card__link\" href=\"https:\/\/norquim.cl\/en\/noticias\/seremi-de-antofagasta-encabeza-primera-charla-vocacional-del-pec\/\">Seremi de Antofagasta encabeza primera charla del PEC<\/a><\/div>\n                                  <div class=\"nq-role\">El Programa de Educaci\u00f3n y Capacitaci\u00f3n para J\u00f3venes de Mejillones, PEC, busca preparar a las nuevas generaciones para integrarse a las industrias del futuro y considera charlas vocacionales, junto con otras actividades formativas, dise\u00f1adas para brindar herramientas concretas de desarrollo en el propio territorio.\u00a0<\/div>\n                              <\/div>\n            <\/div>\n          <\/div>\n              <\/div>\n      <div class=\"swiper-buttons\">\n        <div class=\"swiper-button-prev\"><\/div>\n        <div class=\"swiper-button-next\"><\/div>\n      <\/div>  \n    <\/div>\n  <\/div>\n\n  <script>\n    window.__equipoCarousels = window.__equipoCarousels || [];\n    window.__equipoCarousels.push('#pc-69d0559d5ae40');\n  <\/script>\n\n  \n<\/div>","protected":false},"excerpt":{"rendered":"<p>Programa de Educaci\u00f3n y Capacitaci\u00f3n para J\u00f3venes de Mejillones (PEC) El PEC nace con el prop\u00f3sito de contribuir con m\u00e1s herramientas para que las y los j\u00f3venes de Mejillones puedan proyectar su desarrollo profesional, fortaleciendo las competencias que demandar\u00e1n las nuevas industrias verdes, dentro de su propio territorio. Estructura del PEC El PEC se estructura [&hellip;]<\/p>","protected":false},"author":2,"featured_media":46,"parent":0,"menu_order":0,"comment_status":"closed","ping_status":"closed","template":"","meta":{"footnotes":""},"class_list":["post-202","page","type-page","status-publish","has-post-thumbnail","hentry"],"pbg_featured_image_src":{"full":["https:\/\/norquim.cl\/wp-content\/uploads\/2025\/09\/hero-1.jpg",1440,485,false],"thumbnail":["https:\/\/norquim.cl\/wp-content\/uploads\/2025\/09\/hero-1-150x150.jpg",150,150,true],"medium":["https:\/\/norquim.cl\/wp-content\/uploads\/2025\/09\/hero-1-300x101.jpg",300,101,true],"medium_large":["https:\/\/norquim.cl\/wp-content\/uploads\/2025\/09\/hero-1-768x259.jpg",768,259,true],"large":["https:\/\/norquim.cl\/wp-content\/uploads\/2025\/09\/hero-1-1024x345.jpg",1024,345,true],"1536x1536":["https:\/\/norquim.cl\/wp-content\/uploads\/2025\/09\/hero-1.jpg",1440,485,false],"2048x2048":["https:\/\/norquim.cl\/wp-content\/uploads\/2025\/09\/hero-1.jpg",1440,485,false],"trp-custom-language-flag":["https:\/\/norquim.cl\/wp-content\/uploads\/2025\/09\/hero-1.jpg",18,6,false],"noticia-card":["https:\/\/norquim.cl\/wp-content\/uploads\/2025\/09\/hero-1-640x350.jpg",640,350,true],"noticia-hero":["https:\/\/norquim.cl\/wp-content\/uploads\/2025\/09\/hero-1.jpg",1440,485,false],"equipo-card":["https:\/\/norquim.cl\/wp-content\/uploads\/2025\/09\/hero-1.jpg",480,162,false],"card":["https:\/\/norquim.cl\/wp-content\/uploads\/2025\/09\/hero-1.jpg",360,121,false]},"pbg_author_info":{"display_name":"mdiaz","author_link":"https:\/\/norquim.cl\/en\/author\/mdiaz\/","author_img":"<img alt='mdiaz' src='https:\/\/secure.gravatar.com\/avatar\/0df13ddb023766851f1a015c6a21c72ddb2c464e538b4283d5a6da7df450a62d?s=128&#038;d=mm&#038;r=g' srcset='https:\/\/secure.gravatar.com\/avatar\/0df13ddb023766851f1a015c6a21c72ddb2c464e538b4283d5a6da7df450a62d?s=256&#038;d=mm&#038;r=g 2x' class='avatar avatar-128 photo' height='128' width='128' loading='lazy' decoding='async'\/>"},"pbg_comment_info":" No Comments","pbg_excerpt":"Programa de Educaci\u00f3n y Capacitaci\u00f3n para J\u00f3venes de Mejillones (PEC) El PEC nace con el prop\u00f3sito de contribuir con m\u00e1s herramientas para que las y los j\u00f3venes de Mejillones puedan proyectar su desarrollo profesional, fortaleciendo las competencias que demandar\u00e1n las nuevas industrias verdes, dentro de su propio territorio. Estructura del PEC El PEC se estructura&hellip;","_links":{"self":[{"href":"https:\/\/norquim.cl\/en\/wp-json\/wp\/v2\/pages\/202","targetHints":{"allow":["GET"]}}],"collection":[{"href":"https:\/\/norquim.cl\/en\/wp-json\/wp\/v2\/pages"}],"about":[{"href":"https:\/\/norquim.cl\/en\/wp-json\/wp\/v2\/types\/page"}],"author":[{"embeddable":true,"href":"https:\/\/norquim.cl\/en\/wp-json\/wp\/v2\/users\/2"}],"replies":[{"embeddable":true,"href":"https:\/\/norquim.cl\/en\/wp-json\/wp\/v2\/comments?post=202"}],"version-history":[{"count":68,"href":"https:\/\/norquim.cl\/en\/wp-json\/wp\/v2\/pages\/202\/revisions"}],"predecessor-version":[{"id":1101,"href":"https:\/\/norquim.cl\/en\/wp-json\/wp\/v2\/pages\/202\/revisions\/1101"}],"wp:featuredmedia":[{"embeddable":true,"href":"https:\/\/norquim.cl\/en\/wp-json\/wp\/v2\/media\/46"}],"wp:attachment":[{"href":"https:\/\/norquim.cl\/en\/wp-json\/wp\/v2\/media?parent=202"}],"curies":[{"name":"wp","href":"https:\/\/api.w.org\/{rel}","templated":true}]}}